{"id":2752,"date":"2023-05-26T08:31:52","date_gmt":"2023-05-26T08:31:52","guid":{"rendered":"https:\/\/altermind.com\/?page_id=2752"},"modified":"2023-05-26T08:31:52","modified_gmt":"2023-05-26T08:31:52","slug":"mentions-legales","status":"publish","type":"page","link":"https:\/\/altermind.com\/fr\/mentions-legales\/","title":{"rendered":"Mentions l\u00e9gales"},"content":{"rendered":"<h3>Legal notice<\/h3>\n<h5>ALTERMIND GROUP S.A R.L.<\/h5>\n<p><span style=\"font-weight: 400;\">124, boulevard de la P\u00e9trusse, L-2330 Luxembourg<\/span><br \/>\n<a href=\"mailto:contact@altermind.com\">contact@altermind.com<\/a><\/p>\n<p>B179756 R.C.S. Luxembourg<br \/>\nDirectrice de la publication : Eryn Zander<\/p>\n<h4>H\u00e9bergement:<\/h4>\n<p><strong>Gandi<\/strong><br \/>\n63 Bd Massena \u2013 75013 Paris<br \/>\nSiret:\u00a042309345900042<\/p>\n<p>Design &amp; d\u00e9veloppement:<br \/>\n<a href=\"https:\/\/pureemaison.com\" target=\"_blank\" rel=\"noopener noreferrer\">Agence Pur\u00e9e Maison<\/a><\/p>\n","protected":false},"excerpt":{"rendered":"<p>Legal notice ALTERMIND GROUP S.A R.L. 124, boulevard de la P\u00e9trusse, L-2330 Luxembourg contact@altermind.com B179756 R.C.S. Luxembourg Directrice de la publication : Eryn Zander H\u00e9bergement: Gandi 63 Bd Massena \u2013 75013 Paris Siret:\u00a042309345900042 Design &amp; d\u00e9veloppement: Agence Pur\u00e9e Maison<\/p>\n","protected":false},"author":3,"featured_media":0,"parent":0,"menu_order":30,"comment_status":"closed","ping_status":"closed","template":"","meta":{"_acf_changed":false,"inline_featured_image":false,"footnotes":""},"class_list":["post-2752","page","type-page","status-publish","hentry"],"acf":[],"yoast_head":"<!-- This site is optimized with the Yoast SEO plugin v27.4 - https:\/\/yoast.com\/product\/yoast-seo-wordpress\/ -->\n<title>Mentions l\u00e9gales - Altermind<\/title>\n<meta name=\"robots\" content=\"index, follow, max-snippet:-1, max-image-preview:large, max-video-preview:-1\" \/>\n<link rel=\"canonical\" href=\"https:\/\/altermind.com\/fr\/mentions-legales\/\" \/>\n<meta property=\"og:locale\" content=\"fr_FR\" \/>\n<meta property=\"og:type\" content=\"article\" \/>\n<meta property=\"og:title\" content=\"Mentions l\u00e9gales - Altermind\" \/>\n<meta property=\"og:description\" content=\"Legal notice ALTERMIND GROUP S.A R.L. 124, boulevard de la P\u00e9trusse, L-2330 Luxembourg contact@altermind.com B179756 R.C.S. Luxembourg Directrice de la publication : Eryn Zander H\u00e9bergement: Gandi 63 Bd Massena \u2013 75013 Paris Siret:\u00a042309345900042 Design &amp; d\u00e9veloppement: Agence Pur\u00e9e Maison\" \/>\n<meta property=\"og:url\" content=\"https:\/\/altermind.com\/fr\/mentions-legales\/\" \/>\n<meta property=\"og:site_name\" content=\"Altermind\" \/>\n<meta name=\"twitter:card\" content=\"summary_large_image\" \/>\n<meta name=\"twitter:site\" content=\"@AltermindGroup\" \/>\n<meta name=\"twitter:label1\" content=\"Dur\u00e9e de lecture estim\u00e9e\" \/>\n\t<meta name=\"twitter:data1\" content=\"1 minute\" \/>\n<script type=\"application\/ld+json\" class=\"yoast-schema-graph\">{\"@context\":\"https:\\\/\\\/schema.org\",\"@graph\":[{\"@type\":\"WebPage\",\"@id\":\"https:\\\/\\\/altermind.com\\\/fr\\\/mentions-legales\\\/\",\"url\":\"https:\\\/\\\/altermind.com\\\/fr\\\/mentions-legales\\\/\",\"name\":\"Mentions l\u00e9gales - Altermind\",\"isPartOf\":{\"@id\":\"https:\\\/\\\/altermind.com\\\/fr\\\/#website\"},\"datePublished\":\"2023-05-26T08:31:52+00:00\",\"breadcrumb\":{\"@id\":\"https:\\\/\\\/altermind.com\\\/fr\\\/mentions-legales\\\/#breadcrumb\"},\"inLanguage\":\"fr-FR\",\"potentialAction\":[{\"@type\":\"ReadAction\",\"target\":[\"https:\\\/\\\/altermind.com\\\/fr\\\/mentions-legales\\\/\"]}]},{\"@type\":\"BreadcrumbList\",\"@id\":\"https:\\\/\\\/altermind.com\\\/fr\\\/mentions-legales\\\/#breadcrumb\",\"itemListElement\":[{\"@type\":\"ListItem\",\"position\":1,\"name\":\"Home\",\"item\":\"https:\\\/\\\/altermind.com\\\/fr\\\/altermind\\\/\"},{\"@type\":\"ListItem\",\"position\":2,\"name\":\"Mentions l\u00e9gales\"}]},{\"@type\":\"WebSite\",\"@id\":\"https:\\\/\\\/altermind.com\\\/fr\\\/#website\",\"url\":\"https:\\\/\\\/altermind.com\\\/fr\\\/\",\"name\":\"Altermind\",\"description\":\"Leveraging science and technology to drive business success\",\"publisher\":{\"@id\":\"https:\\\/\\\/altermind.com\\\/fr\\\/#organization\"},\"potentialAction\":[{\"@type\":\"SearchAction\",\"target\":{\"@type\":\"EntryPoint\",\"urlTemplate\":\"https:\\\/\\\/altermind.com\\\/fr\\\/?s={search_term_string}\"},\"query-input\":{\"@type\":\"PropertyValueSpecification\",\"valueRequired\":true,\"valueName\":\"search_term_string\"}}],\"inLanguage\":\"fr-FR\"},{\"@type\":\"Organization\",\"@id\":\"https:\\\/\\\/altermind.com\\\/fr\\\/#organization\",\"name\":\"Altermind\",\"url\":\"https:\\\/\\\/altermind.com\\\/fr\\\/\",\"logo\":{\"@type\":\"ImageObject\",\"inLanguage\":\"fr-FR\",\"@id\":\"https:\\\/\\\/altermind.com\\\/fr\\\/#\\\/schema\\\/logo\\\/image\\\/\",\"url\":\"https:\\\/\\\/altermind.com\\\/wp-content\\\/uploads\\\/2020\\\/04\\\/nav-logo.svg\",\"contentUrl\":\"https:\\\/\\\/altermind.com\\\/wp-content\\\/uploads\\\/2020\\\/04\\\/nav-logo.svg\",\"caption\":\"Altermind\"},\"image\":{\"@id\":\"https:\\\/\\\/altermind.com\\\/fr\\\/#\\\/schema\\\/logo\\\/image\\\/\"},\"sameAs\":[\"https:\\\/\\\/x.com\\\/AltermindGroup\",\"https:\\\/\\\/www.linkedin.com\\\/company\\\/altermindgroup\\\/\"]}]}<\/script>\n<!-- \/ Yoast SEO plugin. -->","yoast_head_json":{"title":"Mentions l\u00e9gales - Altermind","robots":{"index":"index","follow":"follow","max-snippet":"max-snippet:-1","max-image-preview":"max-image-preview:large","max-video-preview":"max-video-preview:-1"},"canonical":"https:\/\/altermind.com\/fr\/mentions-legales\/","og_locale":"fr_FR","og_type":"article","og_title":"Mentions l\u00e9gales - Altermind","og_description":"Legal notice ALTERMIND GROUP S.A R.L. 124, boulevard de la P\u00e9trusse, L-2330 Luxembourg contact@altermind.com B179756 R.C.S. Luxembourg Directrice de la publication : Eryn Zander H\u00e9bergement: Gandi 63 Bd Massena \u2013 75013 Paris Siret:\u00a042309345900042 Design &amp; d\u00e9veloppement: Agence Pur\u00e9e Maison","og_url":"https:\/\/altermind.com\/fr\/mentions-legales\/","og_site_name":"Altermind","twitter_card":"summary_large_image","twitter_site":"@AltermindGroup","twitter_misc":{"Dur\u00e9e de lecture estim\u00e9e":"1 minute"},"schema":{"@context":"https:\/\/schema.org","@graph":[{"@type":"WebPage","@id":"https:\/\/altermind.com\/fr\/mentions-legales\/","url":"https:\/\/altermind.com\/fr\/mentions-legales\/","name":"Mentions l\u00e9gales - Altermind","isPartOf":{"@id":"https:\/\/altermind.com\/fr\/#website"},"datePublished":"2023-05-26T08:31:52+00:00","breadcrumb":{"@id":"https:\/\/altermind.com\/fr\/mentions-legales\/#breadcrumb"},"inLanguage":"fr-FR","potentialAction":[{"@type":"ReadAction","target":["https:\/\/altermind.com\/fr\/mentions-legales\/"]}]},{"@type":"BreadcrumbList","@id":"https:\/\/altermind.com\/fr\/mentions-legales\/#breadcrumb","itemListElement":[{"@type":"ListItem","position":1,"name":"Home","item":"https:\/\/altermind.com\/fr\/altermind\/"},{"@type":"ListItem","position":2,"name":"Mentions l\u00e9gales"}]},{"@type":"WebSite","@id":"https:\/\/altermind.com\/fr\/#website","url":"https:\/\/altermind.com\/fr\/","name":"Altermind","description":"Leveraging science and technology to drive business success","publisher":{"@id":"https:\/\/altermind.com\/fr\/#organization"},"potentialAction":[{"@type":"SearchAction","target":{"@type":"EntryPoint","urlTemplate":"https:\/\/altermind.com\/fr\/?s={search_term_string}"},"query-input":{"@type":"PropertyValueSpecification","valueRequired":true,"valueName":"search_term_string"}}],"inLanguage":"fr-FR"},{"@type":"Organization","@id":"https:\/\/altermind.com\/fr\/#organization","name":"Altermind","url":"https:\/\/altermind.com\/fr\/","logo":{"@type":"ImageObject","inLanguage":"fr-FR","@id":"https:\/\/altermind.com\/fr\/#\/schema\/logo\/image\/","url":"https:\/\/altermind.com\/wp-content\/uploads\/2020\/04\/nav-logo.svg","contentUrl":"https:\/\/altermind.com\/wp-content\/uploads\/2020\/04\/nav-logo.svg","caption":"Altermind"},"image":{"@id":"https:\/\/altermind.com\/fr\/#\/schema\/logo\/image\/"},"sameAs":["https:\/\/x.com\/AltermindGroup","https:\/\/www.linkedin.com\/company\/altermindgroup\/"]}]}},"_links":{"self":[{"href":"https:\/\/altermind.com\/fr\/wp-json\/wp\/v2\/pages\/2752","targetHints":{"allow":["GET"]}}],"collection":[{"href":"https:\/\/altermind.com\/fr\/wp-json\/wp\/v2\/pages"}],"about":[{"href":"https:\/\/altermind.com\/fr\/wp-json\/wp\/v2\/types\/page"}],"author":[{"embeddable":true,"href":"https:\/\/altermind.com\/fr\/wp-json\/wp\/v2\/users\/3"}],"replies":[{"embeddable":true,"href":"https:\/\/altermind.com\/fr\/wp-json\/wp\/v2\/comments?post=2752"}],"version-history":[{"count":0,"href":"https:\/\/altermind.com\/fr\/wp-json\/wp\/v2\/pages\/2752\/revisions"}],"wp:attachment":[{"href":"https:\/\/altermind.com\/fr\/wp-json\/wp\/v2\/media?parent=2752"}],"curies":[{"name":"wp","href":"https:\/\/api.w.org\/{rel}","templated":true}]}}